{"id":2,"date":"2016-09-21T17:37:52","date_gmt":"2016-09-21T17:37:52","guid":{"rendered":"https:\/\/abcleder.com\/?page_id=2"},"modified":"2017-07-31T23:03:42","modified_gmt":"2017-08-01T04:03:42","slug":"nosotros","status":"publish","type":"page","link":"https:\/\/abcleder.com\/en\/nosotros\/","title":{"rendered":"P\u00e1gina de ejemplo"},"content":{"rendered":"<p>Esta es una p\u00e1gina de ejemplo. Es diferente a una entrada del blog, ya que se quedar\u00e1 en un lugar y se mostrar\u00e1 en la navegaci\u00f3n del sitio (en la mayor\u00eda de temas). La mayor\u00eda de personas empieza con una p\u00e1gina &#8220;Acerca de&#8221; que brinda informaci\u00f3n a los visitantes. Se podr\u00eda decir algo como esto:<\/p>\n<blockquote><p>\u00a1Hola! Durante el d\u00eda soy un mensajero, un aspirante a actor por la noche, y este es mi blog. Vivo en Lima, tengo un enorme perro llamado Pocho, y me gusta el Pisco Sour. (Y caminar bajo la lluvia.)<\/p><\/blockquote>\n<p>&#8230;o algo como esto:<\/p>\n<blockquote><p>La compa\u00f1\u00eda XYZ, se fund\u00f3 en 1971, y ha estado desde entonces, proporcionando artilugios de calidad al p\u00fablico. Est\u00e1 situado en la ciudad de Lima, XYZ emplea a m\u00e1s de 2,000 personas y hace todo tipo de cosas sorprendentes para la comunidad lime\u00f1a.<\/p><\/blockquote>\n<p>Como nuevo usuario de WordPress, usted debe ir a <a href=\"https:\/\/abcleder.com\/wp-admin\/\">su panel<\/a> para eliminar esta p\u00e1gina y crear nuevas para su contenido. \u00a1Que se divierta!<\/p>","protected":false},"excerpt":{"rendered":"<p>Esta es una p\u00e1gina de ejemplo. Es diferente a una entrada del blog, ya que se quedar\u00e1 en un lugar y se mostrar\u00e1 en la navegaci\u00f3n del sitio (en la mayor\u00eda de temas). La mayor\u00eda de personas empieza con una p\u00e1gina &#8220;Acerca de&#8221; que brinda informaci\u00f3n a los visitantes. Se podr\u00eda decir algo como esto:&#8230; <\/p>\n","protected":false},"author":1,"featured_media":0,"parent":0,"menu_order":1,"comment_status":"closed","ping_status":"open","template":"no-sidebar.php","meta":{"footnotes":""},"class_list":["post-2","page","type-page","status-publish","hentry"],"_links":{"self":[{"href":"https:\/\/abcleder.com\/en\/wp-json\/wp\/v2\/pages\/2","targetHints":{"allow":["GET"]}}],"collection":[{"href":"https:\/\/abcleder.com\/en\/wp-json\/wp\/v2\/pages"}],"about":[{"href":"https:\/\/abcleder.com\/en\/wp-json\/wp\/v2\/types\/page"}],"author":[{"embeddable":true,"href":"https:\/\/abcleder.com\/en\/wp-json\/wp\/v2\/users\/1"}],"replies":[{"embeddable":true,"href":"https:\/\/abcleder.com\/en\/wp-json\/wp\/v2\/comments?post=2"}],"version-history":[{"count":11,"href":"https:\/\/abcleder.com\/en\/wp-json\/wp\/v2\/pages\/2\/revisions"}],"predecessor-version":[{"id":173,"href":"https:\/\/abcleder.com\/en\/wp-json\/wp\/v2\/pages\/2\/revisions\/173"}],"wp:attachment":[{"href":"https:\/\/abcleder.com\/en\/wp-json\/wp\/v2\/media?parent=2"}],"curies":[{"name":"wp","href":"https:\/\/api.w.org\/{rel}","templated":true}]}}